{"id":38,"date":"2023-05-05T10:53:24","date_gmt":"2023-05-05T14:53:24","guid":{"rendered":"https:\/\/greenfy.ca\/?post_type=product&#038;p=38"},"modified":"2023-05-05T11:29:03","modified_gmt":"2023-05-05T15:29:03","slug":"light-grey-tote-bag","status":"publish","type":"product","link":"https:\/\/greenfy.ca\/fr\/produit\/light-grey-tote-bag\/","title":{"rendered":"Tote Bag Gris Clair Design Main"},"content":{"rendered":"<p>\u00c9cologique et polyvalent, notre sac fourre-tout en chanvre fait main est parfait pour transporter vos essentiels. Fabriqu\u00e9 \u00e0 partir de fibres de chanvre naturelles, ce sac durable et \u00e9l\u00e9gant est un excellent choix pour un usage quotidien.<\/p>","protected":false},"excerpt":{"rendered":"<p>Sac fourre-tout en chanvre fait main, mode \u00e9cologique, accessoires durables, fourre-tout en fibres organiques, sac en chanvre naturel, sac \u00e0 main artisanal, style terreux, fourre-tout durable, sac l\u00e9ger, \u00e9l\u00e9gant et durable, accessoires verts, sac en chanvre \u00e0 la mode, fourre-tout \u00e0 texture unique, int\u00e9rieur spacieux Sac, fibres de chanvre tiss\u00e9es \u00e0 la main.<\/p>","protected":false},"featured_media":32,"comment_status":"open","ping_status":"closed","template":"","meta":{"_kad_post_transparent":"default","_kad_post_title":"","_kad_post_layout":"default","_kad_post_sidebar_id":"","_kad_post_content_style":"default","_kad_post_vertical_padding":"default","_kad_post_feature":"","_kad_post_feature_position":"","_kad_post_header":false,"_kad_post_footer":false,"_kad_post_classname":""},"product_brand":[],"product_cat":[15,19],"product_tag":[44,43,38,48,47,42,37,51,45,41,40,50,46,39,49],"class_list":{"0":"post-38","1":"product","2":"type-product","3":"status-publish","4":"has-post-thumbnail","6":"product_cat-new-arrivals","7":"product_cat-tote-bags","8":"product_tag-durable-tote","9":"product_tag-earthy-style","10":"product_tag-eco-friendly-fashion","11":"product_tag-fashionable-hemp-bag","12":"product_tag-green-accessories","13":"product_tag-handcrafted-purse","14":"product_tag-handmade-hemp-tote-bag","15":"product_tag-handwoven-hemp-fibers","16":"product_tag-lightweight-bag","17":"product_tag-natural-hemp-bag","18":"product_tag-organic-fiber-tote","19":"product_tag-spacious-interior-bag","20":"product_tag-stylish-and-sustainable","21":"product_tag-sustainable-accessories","22":"product_tag-unique-texture-tote","24":"first","25":"outofstock","26":"taxable","27":"shipping-taxable","28":"product-type-simple","29":"entry","30":"content-bg","31":"loop-entry"},"_links":{"self":[{"href":"https:\/\/greenfy.ca\/fr\/wp-json\/wp\/v2\/product\/38","targetHints":{"allow":["GET"]}}],"collection":[{"href":"https:\/\/greenfy.ca\/fr\/wp-json\/wp\/v2\/product"}],"about":[{"href":"https:\/\/greenfy.ca\/fr\/wp-json\/wp\/v2\/types\/product"}],"replies":[{"embeddable":true,"href":"https:\/\/greenfy.ca\/fr\/wp-json\/wp\/v2\/comments?post=38"}],"wp:featuredmedia":[{"embeddable":true,"href":"https:\/\/greenfy.ca\/fr\/wp-json\/wp\/v2\/media\/32"}],"wp:attachment":[{"href":"https:\/\/greenfy.ca\/fr\/wp-json\/wp\/v2\/media?parent=38"}],"wp:term":[{"taxonomy":"product_brand","embeddable":true,"href":"https:\/\/greenfy.ca\/fr\/wp-json\/wp\/v2\/product_brand?post=38"},{"taxonomy":"product_cat","embeddable":true,"href":"https:\/\/greenfy.ca\/fr\/wp-json\/wp\/v2\/product_cat?post=38"},{"taxonomy":"product_tag","embeddable":true,"href":"https:\/\/greenfy.ca\/fr\/wp-json\/wp\/v2\/product_tag?post=38"}],"curies":[{"name":"wp","href":"https:\/\/api.w.org\/{rel}","templated":true}]}}