{"id":194,"date":"2023-05-07T19:51:48","date_gmt":"2023-05-07T23:51:48","guid":{"rendered":"https:\/\/greenfy.ca\/?page_id=194"},"modified":"2024-02-15T22:15:16","modified_gmt":"2024-02-16T03:15:16","slug":"contact","status":"publish","type":"page","link":"https:\/\/greenfy.ca\/fr\/contact\/","title":{"rendered":"Contactez-nous"},"content":{"rendered":"<p class=\"has-text-align-center has-pale-ocean-gradient-background has-background has-large-font-size\">Chez Greenfy Inc, nous nous engageons \u00e0 fournir un excellent service client et un excellent support. Si vous avez des questions, des commentaires ou des pr\u00e9occupations concernant nos produits ou services, n'h\u00e9sitez pas \u00e0 nous contacter. <br>Nous sommes ici pour aider!<br>Vous pouvez nous joindre par : <br>Un courriel <a href=\"mailto:info@greenfy.ca\">info@greenfy.ca<\/a><br>Ou en utilisant le formulaire ci-dessous :<br>Formulaire de contact <\/p>\n\n\n<style>.kb-form input.kadence-blocks-field.verify{opacity:0.0;position:absolute;top:0.0;left:0.0;width:0.0;height:0.0;z-index:-1;}<\/style>\n<div class=\"wp-block-kadence-form kadence-form-194_39d973-22 kb-form-wrap\"><form class=\"kb-form\" action=\"\" method=\"post\" data-trp-original-action=\"\"><div class=\"kadence-blocks-form-field kb-field-desk-width-100 kb-input-size-standard\"><label for=\"kb_field_194_39d973-22_0\">Nom et pr\u00e9nom<span class=\"required\">*<\/span><\/label><input name=\"kb_field_0\" id=\"kb_field_194_39d973-22_0\" data-label=\"Full Name\" type=\"text\" placeholder=\"\" value=\"\" data-type=\"text\" class=\"kb-field kb-text-style-field kb-text-field kb-field-0\" data-required=\"yes\"\/><\/div><div class=\"kadence-blocks-form-field kb-form-field-1 kb-field-desk-width-100 kb-input-size-standard\"><label for=\"kb_field_194_39d973-22_1\">Un courriel<span class=\"required\">*<\/span><\/label><input name=\"kb_field_1\" id=\"kb_field_194_39d973-22_1\" data-label=\"Email\" type=\"email\" placeholder=\"\" value=\"\" data-type=\"email\" class=\"kb-field kb-text-style-field kb-email-field kb-field-1\" data-required=\"yes\"\/><\/div><div class=\"kadence-blocks-form-field kb-form-field-2 kb-field-desk-width-100 kb-input-size-standard\"><label for=\"kb_field_194_39d973-22_2\">Sujet<span class=\"required\">*<\/span><\/label><select name=\"kb_field_2\" id=\"kb_field_194_39d973-22_2\" data-label=\"Subject\" type=\"select\" value=\"\" data-type=\"select\" class=\"kb-field kb-select-style-field kb-select-field kb-field-2\" data-required=\"yes\"><option value=\"General Question\">Question g\u00e9n\u00e9rale<\/option><option value=\"Order Status\">Statut de la commande<\/option><option value=\"Order Cancellation\">Annulation de commande<\/option><option selected value=\"\"><\/option><\/select><\/div><div class=\"kadence-blocks-form-field kb-form-field-3 kb-field-desk-width-100 kb-input-size-standard\"><label for=\"kb_field_194_39d973-22_3\">Message<span class=\"required\">*<\/span><\/label><textarea name=\"kb_field_3\" id=\"kb_field_194_39d973-22_3\" data-label=\"Message\" type=\"textarea\" placeholder=\"\" data-type=\"textarea\" class=\"kb-field kb-text-style-field kb-textarea-field kb-field-3\" rows=\"4\" data-required=\"yes\"><\/textarea><\/div><input type=\"hidden\" name=\"_kb_form_id\" value=\"194_39d973-22\"\/><input type=\"hidden\" name=\"_kb_form_post_id\" value=\"194\"\/><input type=\"hidden\" name=\"action\" value=\"kb_process_ajax_submit\"\/><label class=\"kadence-verify-label\">Un courriel<input class=\"kadence-blocks-field verify\" type=\"text\" name=\"_kb_verify_email\" autocomplete=\"new-password\" aria-hidden=\"true\" placeholder=\"Un courriel\" tabindex=\"-1\" data-1p-ignore=\"true\" data-lpignore=\"true\" \/><\/label><div class=\"kadence-blocks-form-field kb-submit-field kb-field-desk-width-100\"><button class=\"kb-forms-submit button kb-button-size-standard kb-button-width-auto\">Soumettre<\/button><\/div><input type=\"hidden\" name=\"trp-form-language\" value=\"fr\"\/><\/form><\/div>\n<noscript><div class=\"kadence-blocks-form-message kadence-blocks-form-warning\">Please enable JavaScript in your browser to submit the form<\/div><style>.kadence-form-194_39d973-22 .kadence-blocks-form-field.kb-submit-field { display: none; }<\/style><\/noscript>\n\n\n<p class=\"has-text-align-center has-large-font-size\">Merci!<\/p>","protected":false},"excerpt":{"rendered":"<p>At Greenfy Inc, we are committed to provide excellent customer service and support. If you have any questions, comments, or concerns about our products or services, please don&#8217;t hesitate to contact us. We are here to help!You can reach us by: Email: info@greenfy.caOr by using the form below:Contact Form Thank you!<\/p>","protected":false},"author":1,"featured_media":0,"parent":0,"menu_order":0,"comment_status":"closed","ping_status":"closed","template":"","meta":{"_kad_post_transparent":"","_kad_post_title":"","_kad_post_layout":"","_kad_post_sidebar_id":"","_kad_post_content_style":"","_kad_post_vertical_padding":"","_kad_post_feature":"","_kad_post_feature_position":"","_kad_post_header":false,"_kad_post_footer":false,"_kad_post_classname":"","footnotes":""},"class_list":["post-194","page","type-page","status-publish","hentry"],"_links":{"self":[{"href":"https:\/\/greenfy.ca\/fr\/wp-json\/wp\/v2\/pages\/194","targetHints":{"allow":["GET"]}}],"collection":[{"href":"https:\/\/greenfy.ca\/fr\/wp-json\/wp\/v2\/pages"}],"about":[{"href":"https:\/\/greenfy.ca\/fr\/wp-json\/wp\/v2\/types\/page"}],"author":[{"embeddable":true,"href":"https:\/\/greenfy.ca\/fr\/wp-json\/wp\/v2\/users\/1"}],"replies":[{"embeddable":true,"href":"https:\/\/greenfy.ca\/fr\/wp-json\/wp\/v2\/comments?post=194"}],"version-history":[{"count":0,"href":"https:\/\/greenfy.ca\/fr\/wp-json\/wp\/v2\/pages\/194\/revisions"}],"wp:attachment":[{"href":"https:\/\/greenfy.ca\/fr\/wp-json\/wp\/v2\/media?parent=194"}],"curies":[{"name":"wp","href":"https:\/\/api.w.org\/{rel}","templated":true}]}}